{"id":367,"date":"2023-11-19T22:48:40","date_gmt":"2023-11-19T21:48:40","guid":{"rendered":"https:\/\/ronidicapo.com\/?page_id=367"},"modified":"2024-08-15T16:14:04","modified_gmt":"2024-08-15T15:14:04","slug":"shows-didacticos","status":"publish","type":"page","link":"https:\/\/ronidicapo.com\/?page_id=367","title":{"rendered":"SHOWS DID\u00c1CTICOS"},"content":{"rendered":"\n<p><em><mark style=\"background-color:rgba(0, 0, 0, 0)\" class=\"has-inline-color has-vivid-red-color\"><strong>JAZZ DIVAS<\/strong><\/mark><\/em> &#8211; <a href=\"https:\/\/www.instagram.com\/ronidicapo\/reel\/C28ILzMKHUU\/\" target=\"_blank\" rel=\"noreferrer noopener\"><mark style=\"background-color:rgba(0, 0, 0, 0)\" class=\"has-inline-color has-white-color\"><strong>ver v\u00eddeo<\/strong><\/mark><\/a><\/p>\n\n\n\n<p><mark style=\"background-color:rgba(0, 0, 0, 0)\" class=\"has-inline-color has-white-color\">Concierto did\u00e1ctico para todas las edades: recorrido hist\u00f3rico recordando a cantantes femeninas de jazz<\/mark><\/p>\n\n\n\n<p><\/p>\n\n\n\n<p><em><strong><mark style=\"background-color:rgba(0, 0, 0, 0)\" class=\"has-inline-color has-vivid-red-color\">SHE! CAN DO IT<\/mark><\/strong><\/em> &#8211; <a href=\"https:\/\/www.youtube.com\/watch?v=D-8Fl23SrnI\" target=\"_blank\" rel=\"noreferrer noopener\"><mark style=\"background-color:rgba(0, 0, 0, 0)\" class=\"has-inline-color has-white-color\"><strong>ver v\u00eddeo<\/strong><\/mark><\/a><\/p>\n\n\n\n<p><mark style=\"background-color:rgba(0, 0, 0, 0)\" class=\"has-inline-color has-white-color\">Concierto did\u00e1ctico para todas las edades: recorrido hist\u00f3rico recordando a mujeres de la m\u00fasica<\/mark><\/p>\n\n\n\n<p><\/p>\n\n\n\n<p><strong><em><mark style=\"background-color:rgba(0, 0, 0, 0)\" class=\"has-inline-color has-vivid-red-color\">PLAY IT AGAIN<\/mark><\/em><\/strong> &#8211; <a href=\"https:\/\/www.instagram.com\/reel\/CjLAh9OjZzt\/?igshid=MDJmNzVkMjY%3D\" target=\"_blank\" rel=\"noreferrer noopener\"><mark style=\"background-color:rgba(0, 0, 0, 0)\" class=\"has-inline-color has-white-color\"><strong>ver v\u00eddeo<\/strong><\/mark><\/a><\/p>\n\n\n\n<p><mark style=\"background-color:rgba(0, 0, 0, 0)\" class=\"has-inline-color has-white-color\">Concierto did\u00e1ctico para todas las edades: recorrido hist\u00f3rico por las grandes canciones del cine<\/mark><\/p>\n\n\n\n<p><\/p>\n\n\n\n<p><strong><mark style=\"background-color:rgba(0, 0, 0, 0)\" class=\"has-inline-color has-white-color\">CONTRATACI\u00d3N \/INFO: <\/mark><a href=\"mailto:info@ronidicapo.com\"><mark style=\"background-color:rgba(0, 0, 0, 0)\" class=\"has-inline-color has-white-color\">info@ronidicapo.com<\/mark><\/a><\/strong><\/p>\n","protected":false},"excerpt":{"rendered":"<p>JAZZ DIVAS &#8211; ver v\u00eddeo Concierto did\u00e1ctico para todas las edades: recorrido hist\u00f3rico recordando a cantantes femeninas de jazz SHE! CAN DO IT &#8211; ver&hellip;<\/p>\n","protected":false},"author":1,"featured_media":0,"parent":0,"menu_order":0,"comment_status":"closed","ping_status":"closed","template":"","meta":{"footnotes":""},"class_list":["post-367","page","type-page","status-publish","hentry"],"_links":{"self":[{"href":"https:\/\/ronidicapo.com\/index.php?rest_route=\/wp\/v2\/pages\/367","targetHints":{"allow":["GET"]}}],"collection":[{"href":"https:\/\/ronidicapo.com\/index.php?rest_route=\/wp\/v2\/pages"}],"about":[{"href":"https:\/\/ronidicapo.com\/index.php?rest_route=\/wp\/v2\/types\/page"}],"author":[{"embeddable":true,"href":"https:\/\/ronidicapo.com\/index.php?rest_route=\/wp\/v2\/users\/1"}],"replies":[{"embeddable":true,"href":"https:\/\/ronidicapo.com\/index.php?rest_route=%2Fwp%2Fv2%2Fcomments&post=367"}],"version-history":[{"count":14,"href":"https:\/\/ronidicapo.com\/index.php?rest_route=\/wp\/v2\/pages\/367\/revisions"}],"predecessor-version":[{"id":1115,"href":"https:\/\/ronidicapo.com\/index.php?rest_route=\/wp\/v2\/pages\/367\/revisions\/1115"}],"wp:attachment":[{"href":"https:\/\/ronidicapo.com\/index.php?rest_route=%2Fwp%2Fv2%2Fmedia&parent=367"}],"curies":[{"name":"wp","href":"https:\/\/api.w.org\/{rel}","templated":true}]}}