{"id":315,"date":"2023-03-06T18:37:00","date_gmt":"2023-03-06T17:37:00","guid":{"rendered":"https:\/\/ronidicapo.com\/?page_id=315"},"modified":"2026-04-30T12:17:57","modified_gmt":"2026-04-30T11:17:57","slug":"clases-de-canto-vocal-coaching","status":"publish","type":"page","link":"https:\/\/ronidicapo.com\/?page_id=315","title":{"rendered":"CLASES"},"content":{"rendered":"\n<p><\/p>\n\n\n\n<p><strong><mark style=\"background-color:rgba(0, 0, 0, 0)\" class=\"has-inline-color has-vivid-red-color\">\u00bfQUIERES info sobre las clases de canto o coaching vocal? ESCR\u00cdBEME A<\/mark><mark style=\"background-color:rgba(0, 0, 0, 0)\" class=\"has-inline-color has-white-color\"> info@ronidicapo.com<\/mark><\/strong><\/p>\n\n\n\n<p class=\"has-white-color has-text-color\">Ver\u00f3nica Costilla es VOCAL COACH CERTIFICADA por el m\u00e9todo <strong><strong><em>FUNCTIONAL VOICE TRAINING<\/em>\u00a9 (FVT\u00a9)<\/strong><\/strong> adem\u00e1s de cantante, compositora, docente de canto, locutora y narradora de audiolibros. Sus grandes pasiones, adem\u00e1s de la m\u00fasica, son la docencia y la comunicaci\u00f3n.<\/p>\n\n\n\n<p class=\"has-white-color has-text-color\">A la hora de impartir clase, intenta trasladar su experiencia como vocalista profesional desde 2010 para sacar el m\u00e1ximo potencial de cada alumno\/a y con diferentes t\u00e9cnicas<strong>: <strong><em>FUNCTIONAL VOICE TRAINING<\/em>\u00a9<\/strong><\/strong>, <strong><em>Speech Level Singing<\/em> y <em>Complete Vocal Technique<\/em><\/strong> pero, sobre todo, desde la empat\u00eda y adapt\u00e1ndose a las caracter\u00edsticas y necesidades espec\u00edficas de cada alumnx.<\/p>\n\n\n\n<p class=\"has-white-color has-text-color\">Ver\u00f3nica se forma en canto con <strong>JAVIER PRIETO (Certificaci\u00f3n VOCAL COACH FVT\u00a9) <\/strong>y Sheila Blanco y en m\u00fasica en <em><strong>Escuela Nuevas M\u00fasicas<\/strong><\/em>, adem\u00e1s de tener estudios sobre foniatr\u00eda, pedagog\u00eda musical y <em>coaching<\/em>. Es Licenciada en Comunicaci\u00f3n y tambi\u00e9n estudi\u00f3 interpretaci\u00f3n en el <strong>Laboratorio de William Layton<\/strong> y expresi\u00f3n corporal con el maestro <strong>Arnold Taraborrelli<\/strong>.<\/p>\n\n\n\n<p class=\"has-white-color has-text-color\">Desde 2014 es profesora de canto, actualmente imparte clases particulares en modalidad online y\/o presencial en Madrid capital y tambi\u00e9n en centros como ACADEMIA JUKEBOX (Madrid), donde es profesora de canto y vocal coach en Diplomatura de canto y pruebas de acceso a <em>Rock School Spain<\/em>. <\/p>\n\n\n\n<p class=\"has-white-color has-text-color\">Anteriormente ha sido profesora en Artes B\u00faho (canto), Escuela Ullate Roche (canto, teatro y expresi\u00f3n corporal), Rock Camp (canto), Crea M\u00fasica Y Arte (canto), CEIP Pradolongo (m\u00fasica y movimiento), Colegio Alem\u00e1n de Madrid (piano), CEIP Puerta Del \u00c1ngel (canto).<\/p>\n\n\n\n<p class=\"has-white-color has-text-color\">A lo largo de su carrera art\u00edstica ha trabajado con diferentes compa\u00f1\u00edas de teatro infantil y juvenil como actriz y cantante, por lo que tambi\u00e9n acumula experiencia con ni\u00f1os\/as y adolescentes de diferentes etapas educativas.<\/p>\n\n\n\n<p class=\"has-white-color has-text-color\">En la actualidad combina su proyecto musical propio bajo el pseud\u00f3nimo Roni Di Capo (temas propios) con conciertos did\u00e1cticos para todas las edades y colaboraciones con otros artistas como corista o solista.<\/p>\n","protected":false},"excerpt":{"rendered":"<p>\u00bfQUIERES info sobre las clases de canto o coaching vocal? ESCR\u00cdBEME A info@ronidicapo.com Ver\u00f3nica Costilla es VOCAL COACH CERTIFICADA por el m\u00e9todo FUNCTIONAL VOICE TRAINING\u00a9&hellip;<\/p>\n","protected":false},"author":1,"featured_media":0,"parent":0,"menu_order":0,"comment_status":"closed","ping_status":"closed","template":"","meta":{"footnotes":""},"class_list":["post-315","page","type-page","status-publish","hentry"],"_links":{"self":[{"href":"https:\/\/ronidicapo.com\/index.php?rest_route=\/wp\/v2\/pages\/315","targetHints":{"allow":["GET"]}}],"collection":[{"href":"https:\/\/ronidicapo.com\/index.php?rest_route=\/wp\/v2\/pages"}],"about":[{"href":"https:\/\/ronidicapo.com\/index.php?rest_route=\/wp\/v2\/types\/page"}],"author":[{"embeddable":true,"href":"https:\/\/ronidicapo.com\/index.php?rest_route=\/wp\/v2\/users\/1"}],"replies":[{"embeddable":true,"href":"https:\/\/ronidicapo.com\/index.php?rest_route=%2Fwp%2Fv2%2Fcomments&post=315"}],"version-history":[{"count":22,"href":"https:\/\/ronidicapo.com\/index.php?rest_route=\/wp\/v2\/pages\/315\/revisions"}],"predecessor-version":[{"id":1193,"href":"https:\/\/ronidicapo.com\/index.php?rest_route=\/wp\/v2\/pages\/315\/revisions\/1193"}],"wp:attachment":[{"href":"https:\/\/ronidicapo.com\/index.php?rest_route=%2Fwp%2Fv2%2Fmedia&parent=315"}],"curies":[{"name":"wp","href":"https:\/\/api.w.org\/{rel}","templated":true}]}}