{"id":1089,"date":"2024-08-15T13:04:32","date_gmt":"2024-08-15T12:04:32","guid":{"rendered":"https:\/\/ronidicapo.com\/?page_id=1089"},"modified":"2026-04-30T12:13:32","modified_gmt":"2026-04-30T11:13:32","slug":"locucion","status":"publish","type":"page","link":"https:\/\/ronidicapo.com\/?page_id=1089","title":{"rendered":"LOCUCI\u00d3N"},"content":{"rendered":"\n<p><strong><mark style=\"background-color:rgba(0, 0, 0, 0)\" class=\"has-inline-color has-white-color\">VER\u00d3NICA COSTILLA<\/mark><\/strong> <mark style=\"background-color:rgba(0, 0, 0, 0)\" class=\"has-inline-color has-white-color\"><mark style=\"background-color:rgba(0, 0, 0, 0)\" class=\"has-inline-color has-white-color\">ha puesto voz a anuncios de perfumes como <em>Halloween<\/em> de Jes\u00fas Del Pozo y locutado libros de <em>Editorial Difusi\u00f3n <\/em>(espa\u00f1ol para extranjeros, <em>Lola Y Leo<\/em>) adem\u00e1s de haber narrado e interpretado libros y relatos de autores como Arturo Panero o M\u00f3nica Tovar, entre otros, todos disponibles en plataformas digitales:<\/mark><\/mark>,<\/p>\n\n\n\n<p><mark style=\"background-color:rgba(0, 0, 0, 0)\" class=\"has-inline-color has-cyan-bluish-gray-color\">Demos y audiolibros<\/mark><strong><mark style=\"background-color:rgba(0, 0, 0, 0)\" class=\"has-inline-color has-white-color\"> <\/mark><a href=\"https:\/\/soundcloud.com\/veronicacostillalocucion\"><mark style=\"background-color:rgba(0, 0, 0, 0)\" class=\"has-inline-color has-white-color\">AQUI<\/mark><\/a><\/strong><\/p>\n\n\n\n<p><mark style=\"background-color:rgba(0, 0, 0, 0)\" class=\"has-inline-color has-cyan-bluish-gray-color\">PERFIL NARRADORA DE AUDIOLIBROS EN<\/mark> <a href=\"https:\/\/www.storytel.com\/mx\/narrators\/ver%C3%B3nica-costilla-737199\"><strong><mark style=\"background-color:rgba(0, 0, 0, 0)\" class=\"has-inline-color has-white-color\">STORYTEL<\/mark><\/strong><\/a><\/p>\n\n\n\n<p><mark style=\"background-color:rgba(0, 0, 0, 0)\" class=\"has-inline-color has-cyan-bluish-gray-color\">PERFIL NARRADORA DE AUDIOLIBROS EN<\/mark> <strong><a href=\"https:\/\/www.audible.es\/search?searchNarrator=Ver%C3%B3nica+Costilla\"><mark style=\"background-color:rgba(0, 0, 0, 0)\" class=\"has-inline-color has-white-color\">AUDIBLE<\/mark><\/a><\/strong><\/p>\n\n\n\n<p><\/p>\n\n\n\n<p><\/p>\n","protected":false},"excerpt":{"rendered":"<p>VER\u00d3NICA COSTILLA ha puesto voz a anuncios de perfumes como Halloween de Jes\u00fas Del Pozo y locutado libros de Editorial Difusi\u00f3n (espa\u00f1ol para extranjeros, Lola&hellip;<\/p>\n","protected":false},"author":1,"featured_media":0,"parent":0,"menu_order":0,"comment_status":"closed","ping_status":"closed","template":"","meta":{"footnotes":""},"class_list":["post-1089","page","type-page","status-publish","hentry"],"_links":{"self":[{"href":"https:\/\/ronidicapo.com\/index.php?rest_route=\/wp\/v2\/pages\/1089","targetHints":{"allow":["GET"]}}],"collection":[{"href":"https:\/\/ronidicapo.com\/index.php?rest_route=\/wp\/v2\/pages"}],"about":[{"href":"https:\/\/ronidicapo.com\/index.php?rest_route=\/wp\/v2\/types\/page"}],"author":[{"embeddable":true,"href":"https:\/\/ronidicapo.com\/index.php?rest_route=\/wp\/v2\/users\/1"}],"replies":[{"embeddable":true,"href":"https:\/\/ronidicapo.com\/index.php?rest_route=%2Fwp%2Fv2%2Fcomments&post=1089"}],"version-history":[{"count":6,"href":"https:\/\/ronidicapo.com\/index.php?rest_route=\/wp\/v2\/pages\/1089\/revisions"}],"predecessor-version":[{"id":1188,"href":"https:\/\/ronidicapo.com\/index.php?rest_route=\/wp\/v2\/pages\/1089\/revisions\/1188"}],"wp:attachment":[{"href":"https:\/\/ronidicapo.com\/index.php?rest_route=%2Fwp%2Fv2%2Fmedia&parent=1089"}],"curies":[{"name":"wp","href":"https:\/\/api.w.org\/{rel}","templated":true}]}}